{"id":522,"date":"2022-10-17T15:41:52","date_gmt":"2022-10-17T15:41:52","guid":{"rendered":"http:\/\/service.nagyonjofoto.hu\/?page_id=522"},"modified":"2023-04-14T11:07:07","modified_gmt":"2023-04-14T11:07:07","slug":"latnvanytanc_gal","status":"publish","type":"page","link":"https:\/\/nagyonjofoto.hu\/de\/latnvanytanc_gal\/","title":{"rendered":"Latnvanytanc_Gal"},"content":{"rendered":"<div data-elementor-type=\"wp-page\" data-elementor-id=\"522\" class=\"elementor elementor-522\" data-elementor-post-type=\"page\">\n\t\t\t\t\t\t<section class=\"elementor-section elementor-top-section elementor-element elementor-element-e52a672 elementor-section-full_width elementor-section-items-top elementor-section-content-top elementor-section-height-full elementor-section-stretched elementor-section-height-default\" data-id=\"e52a672\" data-element_type=\"section\" data-e-type=\"section\" data-settings=\"{&quot;stretch_section&quot;:&quot;section-stretched&quot;}\">\n\t\t\t\t\t\t<div class=\"elementor-container elementor-column-gap-default\">\n\t\t\t\t\t<div class=\"elementor-column elementor-col-100 elementor-top-column elementor-element elementor-element-b058cb6\" data-id=\"b058cb6\" data-element_type=\"column\" data-e-type=\"column\">\n\t\t\t<div class=\"elementor-widget-wrap elementor-element-populated\">\n\t\t\t\t\t\t<div class=\"elementor-element elementor-element-a08ad5e elementor-widget elementor-widget-html\" data-id=\"a08ad5e\" data-element_type=\"widget\" data-e-type=\"widget\" data-widget_type=\"html.default\">\n\t\t\t\t<div class=\"elementor-widget-container\">\n\t\t\t\t\t<iframe src=\"https:\/\/gallery.nagyonjofoto.hu\/?L\u00e1tv\u00e1nyt\u00e1nc\/\" class=\"iframe_gal\" ><\/iframe>\t\t\t\t<\/div>\n\t\t\t\t<\/div>\n\t\t\t\t\t<\/div>\n\t\t<\/div>\n\t\t\t\t\t<\/div>\n\t\t<\/section>\n\t\t\t\t<\/div>","protected":false},"excerpt":{"rendered":"","protected":false},"author":3,"featured_media":0,"parent":0,"menu_order":0,"comment_status":"closed","ping_status":"closed","template":"elementor_header_footer","meta":{"footnotes":""},"class_list":["post-522","page","type-page","status-publish"],"_links":{"self":[{"href":"https:\/\/nagyonjofoto.hu\/de\/wp-json\/wp\/v2\/pages\/522","targetHints":{"allow":["GET"]}}],"collection":[{"href":"https:\/\/nagyonjofoto.hu\/de\/wp-json\/wp\/v2\/pages"}],"about":[{"href":"https:\/\/nagyonjofoto.hu\/de\/wp-json\/wp\/v2\/types\/page"}],"author":[{"embeddable":true,"href":"https:\/\/nagyonjofoto.hu\/de\/wp-json\/wp\/v2\/users\/3"}],"replies":[{"embeddable":true,"href":"https:\/\/nagyonjofoto.hu\/de\/wp-json\/wp\/v2\/comments?post=522"}],"version-history":[{"count":5,"href":"https:\/\/nagyonjofoto.hu\/de\/wp-json\/wp\/v2\/pages\/522\/revisions"}],"predecessor-version":[{"id":1846,"href":"https:\/\/nagyonjofoto.hu\/de\/wp-json\/wp\/v2\/pages\/522\/revisions\/1846"}],"wp:attachment":[{"href":"https:\/\/nagyonjofoto.hu\/de\/wp-json\/wp\/v2\/media?parent=522"}],"curies":[{"name":"wp","href":"https:\/\/api.w.org\/{rel}","templated":true}]}}