{"id":101,"date":"2022-10-15T21:55:02","date_gmt":"2022-10-15T21:55:02","guid":{"rendered":"http:\/\/service.nagyonjofoto.hu\/?page_id=101"},"modified":"2023-04-11T15:49:12","modified_gmt":"2023-04-11T15:49:12","slug":"szolgaltatasaink","status":"publish","type":"page","link":"https:\/\/nagyonjofoto.hu\/en_gb\/szolgaltatasaink\/","title":{"rendered":"Our services"},"content":{"rendered":"<div data-elementor-type=\"wp-page\" data-elementor-id=\"101\" class=\"elementor elementor-101\" data-elementor-post-type=\"page\">\n\t\t\t\t\t\t<section class=\"elementor-section elementor-top-section elementor-element elementor-element-53f41fd elementor-section-boxed elementor-section-height-default elementor-section-height-default\" data-id=\"53f41fd\" data-element_type=\"section\" data-e-type=\"section\">\n\t\t\t\t\t\t<div class=\"elementor-container elementor-column-gap-default\">\n\t\t\t\t\t<div class=\"elementor-column elementor-col-100 elementor-top-column elementor-element elementor-element-023dd45\" data-id=\"023dd45\" data-element_type=\"column\" data-e-type=\"column\">\n\t\t\t<div class=\"elementor-widget-wrap elementor-element-populated\">\n\t\t\t\t\t\t<section class=\"elementor-section elementor-inner-section elementor-element elementor-element-588532c elementor-reverse-mobile elementor-section-boxed elementor-section-height-default elementor-section-height-default\" data-id=\"588532c\" data-element_type=\"section\" data-e-type=\"section\">\n\t\t\t\t\t\t<div class=\"elementor-container elementor-column-gap-default\">\n\t\t\t\t\t<div class=\"elementor-column elementor-col-50 elementor-inner-column elementor-element elementor-element-102c4b6\" data-id=\"102c4b6\" data-element_type=\"column\" data-e-type=\"column\">\n\t\t\t<div class=\"elementor-widget-wrap elementor-element-populated\">\n\t\t\t\t\t\t<div class=\"elementor-element elementor-element-eb756a1 elementor-position-top elementor-widget elementor-widget-image-box\" data-id=\"eb756a1\" data-element_type=\"widget\" data-e-type=\"widget\" data-widget_type=\"image-box.default\">\n\t\t\t\t<div class=\"elementor-widget-container\">\n\t\t\t\t\t<div class=\"elementor-image-box-wrapper\"><figure class=\"elementor-image-box-img\"><img fetchpriority=\"high\" decoding=\"async\" width=\"240\" height=\"240\" src=\"https:\/\/nagyonjofoto.hu\/wp-content\/uploads\/2022\/10\/iconmonstr-picture-18-240-color.png\" class=\"attachment-full size-full wp-image-37\" alt=\"\" srcset=\"https:\/\/nagyonjofoto.hu\/wp-content\/uploads\/2022\/10\/iconmonstr-picture-18-240-color.png 240w, https:\/\/nagyonjofoto.hu\/wp-content\/uploads\/2022\/10\/iconmonstr-picture-18-240-color-150x150.png 150w\" sizes=\"(max-width: 240px) 100vw, 240px\" \/><\/figure><div class=\"elementor-image-box-content\"><h3 class=\"elementor-image-box-title\">Event Photography<\/h3><p class=\"elementor-image-box-description\">Capture the most beautiful moments at your event or competition! With the help of our professional photographers, we guarantee to produce stunning photos that you can share with your friends and family. Trust us with your photography needs!<\/p><\/div><\/div>\t\t\t\t<\/div>\n\t\t\t\t<\/div>\n\t\t\t\t\t<\/div>\n\t\t<\/div>\n\t\t\t\t<div class=\"elementor-column elementor-col-50 elementor-inner-column elementor-element elementor-element-fac20e5\" data-id=\"fac20e5\" data-element_type=\"column\" data-e-type=\"column\">\n\t\t\t<div class=\"elementor-widget-wrap elementor-element-populated\">\n\t\t\t\t\t\t<div class=\"elementor-element elementor-element-007e261 elementor-widget elementor-widget-image\" data-id=\"007e261\" data-element_type=\"widget\" data-e-type=\"widget\" data-widget_type=\"image.default\">\n\t\t\t\t<div class=\"elementor-widget-container\">\n\t\t\t\t\t\t\t\t\t\t\t\t\t\t\t<img decoding=\"async\" width=\"900\" height=\"599\" src=\"https:\/\/nagyonjofoto.hu\/wp-content\/uploads\/2023\/04\/african-american-photographer-paparazzi-man-wear-black-suit-glasses-sitting-office-with-camera-working-laptop-1024x681.webp\" class=\"attachment-large size-large wp-image-1801\" alt=\"\" srcset=\"https:\/\/nagyonjofoto.hu\/wp-content\/uploads\/2023\/04\/african-american-photographer-paparazzi-man-wear-black-suit-glasses-sitting-office-with-camera-working-laptop-1024x681.webp 1024w, https:\/\/nagyonjofoto.hu\/wp-content\/uploads\/2023\/04\/african-american-photographer-paparazzi-man-wear-black-suit-glasses-sitting-office-with-camera-working-laptop-300x200.webp 300w, https:\/\/nagyonjofoto.hu\/wp-content\/uploads\/2023\/04\/african-american-photographer-paparazzi-man-wear-black-suit-glasses-sitting-office-with-camera-working-laptop-768x511.webp 768w, https:\/\/nagyonjofoto.hu\/wp-content\/uploads\/2023\/04\/african-american-photographer-paparazzi-man-wear-black-suit-glasses-sitting-office-with-camera-working-laptop-1536x1022.webp 1536w, https:\/\/nagyonjofoto.hu\/wp-content\/uploads\/2023\/04\/african-american-photographer-paparazzi-man-wear-black-suit-glasses-sitting-office-with-camera-working-laptop-2048x1363.webp 2048w, https:\/\/nagyonjofoto.hu\/wp-content\/uploads\/2023\/04\/african-american-photographer-paparazzi-man-wear-black-suit-glasses-sitting-office-with-camera-working-laptop-18x12.webp 18w\" sizes=\"(max-width: 900px) 100vw, 900px\" \/>\t\t\t\t\t\t\t\t\t\t\t\t\t\t\t<\/div>\n\t\t\t\t<\/div>\n\t\t\t\t\t<\/div>\n\t\t<\/div>\n\t\t\t\t\t<\/div>\n\t\t<\/section>\n\t\t\t\t\t<\/div>\n\t\t<\/div>\n\t\t\t\t\t<\/div>\n\t\t<\/section>\n\t\t\t\t<section class=\"elementor-section elementor-top-section elementor-element elementor-element-2c66c16 elementor-reverse-tablet elementor-reverse-mobile elementor-section-boxed elementor-section-height-default elementor-section-height-default\" data-id=\"2c66c16\" data-element_type=\"section\" data-e-type=\"section\">\n\t\t\t\t\t\t<div class=\"elementor-container elementor-column-gap-default\">\n\t\t\t\t\t<div class=\"elementor-column elementor-col-100 elementor-top-column elementor-element elementor-element-838756e\" data-id=\"838756e\" data-element_type=\"column\" data-e-type=\"column\">\n\t\t\t<div class=\"elementor-widget-wrap elementor-element-populated\">\n\t\t\t\t\t\t<section class=\"elementor-section elementor-inner-section elementor-element elementor-element-9f686d2 elementor-section-boxed elementor-section-height-default elementor-section-height-default\" data-id=\"9f686d2\" data-element_type=\"section\" data-e-type=\"section\">\n\t\t\t\t\t\t<div class=\"elementor-container elementor-column-gap-default\">\n\t\t\t\t\t<div class=\"elementor-column elementor-col-50 elementor-inner-column elementor-element elementor-element-44f7592\" data-id=\"44f7592\" data-element_type=\"column\" data-e-type=\"column\">\n\t\t\t<div class=\"elementor-widget-wrap elementor-element-populated\">\n\t\t\t\t\t\t<div class=\"elementor-element elementor-element-5ef435e elementor-widget elementor-widget-image\" data-id=\"5ef435e\" data-element_type=\"widget\" data-e-type=\"widget\" data-widget_type=\"image.default\">\n\t\t\t\t<div class=\"elementor-widget-container\">\n\t\t\t\t\t\t\t\t\t\t\t\t\t\t\t<img decoding=\"async\" width=\"900\" height=\"600\" src=\"https:\/\/nagyonjofoto.hu\/wp-content\/uploads\/2023\/04\/photographer-taking-picture-bride-with-bridesmaids-1024x683.webp\" class=\"attachment-large size-large wp-image-1802\" alt=\"\" srcset=\"https:\/\/nagyonjofoto.hu\/wp-content\/uploads\/2023\/04\/photographer-taking-picture-bride-with-bridesmaids-1024x683.webp 1024w, https:\/\/nagyonjofoto.hu\/wp-content\/uploads\/2023\/04\/photographer-taking-picture-bride-with-bridesmaids-300x200.webp 300w, https:\/\/nagyonjofoto.hu\/wp-content\/uploads\/2023\/04\/photographer-taking-picture-bride-with-bridesmaids-768x512.webp 768w, https:\/\/nagyonjofoto.hu\/wp-content\/uploads\/2023\/04\/photographer-taking-picture-bride-with-bridesmaids-1536x1024.webp 1536w, https:\/\/nagyonjofoto.hu\/wp-content\/uploads\/2023\/04\/photographer-taking-picture-bride-with-bridesmaids-2048x1365.webp 2048w, https:\/\/nagyonjofoto.hu\/wp-content\/uploads\/2023\/04\/photographer-taking-picture-bride-with-bridesmaids-18x12.webp 18w\" sizes=\"(max-width: 900px) 100vw, 900px\" \/>\t\t\t\t\t\t\t\t\t\t\t\t\t\t\t<\/div>\n\t\t\t\t<\/div>\n\t\t\t\t\t<\/div>\n\t\t<\/div>\n\t\t\t\t<div class=\"elementor-column elementor-col-50 elementor-inner-column elementor-element elementor-element-a5c93f7\" data-id=\"a5c93f7\" data-element_type=\"column\" data-e-type=\"column\">\n\t\t\t<div class=\"elementor-widget-wrap elementor-element-populated\">\n\t\t\t\t\t\t<div class=\"elementor-element elementor-element-a49ff1b elementor-position-top elementor-widget elementor-widget-image-box\" data-id=\"a49ff1b\" data-element_type=\"widget\" data-e-type=\"widget\" data-widget_type=\"image-box.default\">\n\t\t\t\t<div class=\"elementor-widget-container\">\n\t\t\t\t\t<div class=\"elementor-image-box-wrapper\"><figure class=\"elementor-image-box-img\"><img fetchpriority=\"high\" decoding=\"async\" width=\"240\" height=\"240\" src=\"https:\/\/nagyonjofoto.hu\/wp-content\/uploads\/2022\/10\/iconmonstr-picture-18-240-color.png\" class=\"attachment-full size-full wp-image-37\" alt=\"\" srcset=\"https:\/\/nagyonjofoto.hu\/wp-content\/uploads\/2022\/10\/iconmonstr-picture-18-240-color.png 240w, https:\/\/nagyonjofoto.hu\/wp-content\/uploads\/2022\/10\/iconmonstr-picture-18-240-color-150x150.png 150w\" sizes=\"(max-width: 240px) 100vw, 240px\" \/><\/figure><div class=\"elementor-image-box-content\"><h3 class=\"elementor-image-box-title\">Wedding<\/h3><p class=\"elementor-image-box-description\">Wonderful moments await at your wedding, and you want to preserve them forever. Trust us with your photography needs, so that every memory can be kept forever! With the help of our experienced wedding photographers, we guarantee captivating, romantic, and breathtaking photos that will hold timeless value. Trust us to help you capture the most important moments of your wedding!<\/p><\/div><\/div>\t\t\t\t<\/div>\n\t\t\t\t<\/div>\n\t\t\t\t\t<\/div>\n\t\t<\/div>\n\t\t\t\t\t<\/div>\n\t\t<\/section>\n\t\t\t\t\t<\/div>\n\t\t<\/div>\n\t\t\t\t\t<\/div>\n\t\t<\/section>\n\t\t\t\t<section class=\"elementor-section elementor-top-section elementor-element elementor-element-7db3bd5 elementor-section-boxed elementor-section-height-default elementor-section-height-default\" data-id=\"7db3bd5\" data-element_type=\"section\" data-e-type=\"section\">\n\t\t\t\t\t\t<div class=\"elementor-container elementor-column-gap-default\">\n\t\t\t\t\t<div class=\"elementor-column elementor-col-100 elementor-top-column elementor-element elementor-element-e121629\" data-id=\"e121629\" data-element_type=\"column\" data-e-type=\"column\">\n\t\t\t<div class=\"elementor-widget-wrap elementor-element-populated\">\n\t\t\t\t\t\t<section class=\"elementor-section elementor-inner-section elementor-element elementor-element-36aac41 elementor-reverse-mobile elementor-section-boxed elementor-section-height-default elementor-section-height-default\" data-id=\"36aac41\" data-element_type=\"section\" data-e-type=\"section\">\n\t\t\t\t\t\t<div class=\"elementor-container elementor-column-gap-default\">\n\t\t\t\t\t<div class=\"elementor-column elementor-col-50 elementor-inner-column elementor-element elementor-element-9e4b56b\" data-id=\"9e4b56b\" data-element_type=\"column\" data-e-type=\"column\">\n\t\t\t<div class=\"elementor-widget-wrap elementor-element-populated\">\n\t\t\t\t\t\t<div class=\"elementor-element elementor-element-32f2115 elementor-position-top elementor-widget elementor-widget-image-box\" data-id=\"32f2115\" data-element_type=\"widget\" data-e-type=\"widget\" data-widget_type=\"image-box.default\">\n\t\t\t\t<div class=\"elementor-widget-container\">\n\t\t\t\t\t<div class=\"elementor-image-box-wrapper\"><figure class=\"elementor-image-box-img\"><img fetchpriority=\"high\" decoding=\"async\" width=\"240\" height=\"240\" src=\"https:\/\/nagyonjofoto.hu\/wp-content\/uploads\/2022\/10\/iconmonstr-picture-18-240-color.png\" class=\"attachment-full size-full wp-image-37\" alt=\"\" srcset=\"https:\/\/nagyonjofoto.hu\/wp-content\/uploads\/2022\/10\/iconmonstr-picture-18-240-color.png 240w, https:\/\/nagyonjofoto.hu\/wp-content\/uploads\/2022\/10\/iconmonstr-picture-18-240-color-150x150.png 150w\" sizes=\"(max-width: 240px) 100vw, 240px\" \/><\/figure><div class=\"elementor-image-box-content\"><h3 class=\"elementor-image-box-title\">Film Production<\/h3><p class=\"elementor-image-box-description\">Whether it's a short film, wedding film, or live sports event coverage, we always work to provide an unforgettable experience. Our experienced team works with professional quality and creativity to turn every moment into a captivating and engaging memory. Trust us to help you capture the most important events of your life, so that you can look back on them with joy and pride over time.<\/p><\/div><\/div>\t\t\t\t<\/div>\n\t\t\t\t<\/div>\n\t\t\t\t\t<\/div>\n\t\t<\/div>\n\t\t\t\t<div class=\"elementor-column elementor-col-50 elementor-inner-column elementor-element elementor-element-fb31bda\" data-id=\"fb31bda\" data-element_type=\"column\" data-e-type=\"column\">\n\t\t\t<div class=\"elementor-widget-wrap elementor-element-populated\">\n\t\t\t\t\t\t<div class=\"elementor-element elementor-element-b9ff355 elementor-widget elementor-widget-image\" data-id=\"b9ff355\" data-element_type=\"widget\" data-e-type=\"widget\" data-widget_type=\"image.default\">\n\t\t\t\t<div class=\"elementor-widget-container\">\n\t\t\t\t\t\t\t\t\t\t\t\t\t\t\t<img loading=\"lazy\" decoding=\"async\" width=\"900\" height=\"600\" src=\"https:\/\/nagyonjofoto.hu\/wp-content\/uploads\/2023\/04\/contemporary-passional-dance-man-woman-1024x683.webp\" class=\"attachment-large size-large wp-image-1803\" alt=\"\" srcset=\"https:\/\/nagyonjofoto.hu\/wp-content\/uploads\/2023\/04\/contemporary-passional-dance-man-woman-1024x683.webp 1024w, https:\/\/nagyonjofoto.hu\/wp-content\/uploads\/2023\/04\/contemporary-passional-dance-man-woman-300x200.webp 300w, https:\/\/nagyonjofoto.hu\/wp-content\/uploads\/2023\/04\/contemporary-passional-dance-man-woman-768x512.webp 768w, https:\/\/nagyonjofoto.hu\/wp-content\/uploads\/2023\/04\/contemporary-passional-dance-man-woman-1536x1024.webp 1536w, https:\/\/nagyonjofoto.hu\/wp-content\/uploads\/2023\/04\/contemporary-passional-dance-man-woman-2048x1365.webp 2048w, https:\/\/nagyonjofoto.hu\/wp-content\/uploads\/2023\/04\/contemporary-passional-dance-man-woman-18x12.webp 18w\" sizes=\"(max-width: 900px) 100vw, 900px\" \/>\t\t\t\t\t\t\t\t\t\t\t\t\t\t\t<\/div>\n\t\t\t\t<\/div>\n\t\t\t\t\t<\/div>\n\t\t<\/div>\n\t\t\t\t\t<\/div>\n\t\t<\/section>\n\t\t\t\t\t<\/div>\n\t\t<\/div>\n\t\t\t\t\t<\/div>\n\t\t<\/section>\n\t\t\t\t<section class=\"elementor-section elementor-top-section elementor-element elementor-element-907c499 elementor-reverse-tablet elementor-reverse-mobile elementor-section-boxed elementor-section-height-default elementor-section-height-default\" data-id=\"907c499\" data-element_type=\"section\" data-e-type=\"section\">\n\t\t\t\t\t\t<div class=\"elementor-container elementor-column-gap-default\">\n\t\t\t\t\t<div class=\"elementor-column elementor-col-100 elementor-top-column elementor-element elementor-element-43e9280\" data-id=\"43e9280\" data-element_type=\"column\" data-e-type=\"column\">\n\t\t\t<div class=\"elementor-widget-wrap elementor-element-populated\">\n\t\t\t\t\t\t<section class=\"elementor-section elementor-inner-section elementor-element elementor-element-7ca0394 elementor-section-boxed elementor-section-height-default elementor-section-height-default\" data-id=\"7ca0394\" data-element_type=\"section\" data-e-type=\"section\">\n\t\t\t\t\t\t<div class=\"elementor-container elementor-column-gap-default\">\n\t\t\t\t\t<div class=\"elementor-column elementor-col-50 elementor-inner-column elementor-element elementor-element-2d2b031\" data-id=\"2d2b031\" data-element_type=\"column\" data-e-type=\"column\">\n\t\t\t<div class=\"elementor-widget-wrap elementor-element-populated\">\n\t\t\t\t\t\t<div class=\"elementor-element elementor-element-7251132 elementor-widget elementor-widget-image\" data-id=\"7251132\" data-element_type=\"widget\" data-e-type=\"widget\" data-widget_type=\"image.default\">\n\t\t\t\t<div class=\"elementor-widget-container\">\n\t\t\t\t\t\t\t\t\t\t\t\t\t\t\t<img loading=\"lazy\" decoding=\"async\" width=\"900\" height=\"506\" src=\"https:\/\/nagyonjofoto.hu\/wp-content\/uploads\/2023\/04\/close-up-color-designer-freelancer-photographer-editing-customer-photo-1024x576.webp\" class=\"attachment-large size-large wp-image-1807\" alt=\"\" srcset=\"https:\/\/nagyonjofoto.hu\/wp-content\/uploads\/2023\/04\/close-up-color-designer-freelancer-photographer-editing-customer-photo-1024x576.webp 1024w, https:\/\/nagyonjofoto.hu\/wp-content\/uploads\/2023\/04\/close-up-color-designer-freelancer-photographer-editing-customer-photo-300x169.webp 300w, https:\/\/nagyonjofoto.hu\/wp-content\/uploads\/2023\/04\/close-up-color-designer-freelancer-photographer-editing-customer-photo-768x432.webp 768w, https:\/\/nagyonjofoto.hu\/wp-content\/uploads\/2023\/04\/close-up-color-designer-freelancer-photographer-editing-customer-photo-1536x864.webp 1536w, https:\/\/nagyonjofoto.hu\/wp-content\/uploads\/2023\/04\/close-up-color-designer-freelancer-photographer-editing-customer-photo-2048x1152.webp 2048w, https:\/\/nagyonjofoto.hu\/wp-content\/uploads\/2023\/04\/close-up-color-designer-freelancer-photographer-editing-customer-photo-18x10.webp 18w\" sizes=\"(max-width: 900px) 100vw, 900px\" \/>\t\t\t\t\t\t\t\t\t\t\t\t\t\t\t<\/div>\n\t\t\t\t<\/div>\n\t\t\t\t\t<\/div>\n\t\t<\/div>\n\t\t\t\t<div class=\"elementor-column elementor-col-50 elementor-inner-column elementor-element elementor-element-d5e5a4f\" data-id=\"d5e5a4f\" data-element_type=\"column\" data-e-type=\"column\">\n\t\t\t<div class=\"elementor-widget-wrap elementor-element-populated\">\n\t\t\t\t\t\t<div class=\"elementor-element elementor-element-9568bd8 elementor-position-top elementor-widget elementor-widget-image-box\" data-id=\"9568bd8\" data-element_type=\"widget\" data-e-type=\"widget\" data-widget_type=\"image-box.default\">\n\t\t\t\t<div class=\"elementor-widget-container\">\n\t\t\t\t\t<div class=\"elementor-image-box-wrapper\"><figure class=\"elementor-image-box-img\"><img fetchpriority=\"high\" decoding=\"async\" width=\"240\" height=\"240\" src=\"https:\/\/nagyonjofoto.hu\/wp-content\/uploads\/2022\/10\/iconmonstr-picture-18-240-color.png\" class=\"attachment-full size-full wp-image-37\" alt=\"\" srcset=\"https:\/\/nagyonjofoto.hu\/wp-content\/uploads\/2022\/10\/iconmonstr-picture-18-240-color.png 240w, https:\/\/nagyonjofoto.hu\/wp-content\/uploads\/2022\/10\/iconmonstr-picture-18-240-color-150x150.png 150w\" sizes=\"(max-width: 240px) 100vw, 240px\" \/><\/figure><div class=\"elementor-image-box-content\"><h3 class=\"elementor-image-box-title\">Graphic Design<\/h3><p class=\"elementor-image-box-description\">If you need professional and creative graphic design work, then you've come to the right place! With the help of our experienced graphic designers, we create unique and remarkable works tailored to your needs. Whether it's designing logos, website layouts, or any other print materials, we always strive to deliver amazing and effective graphic designs to you. <\/p><\/div><\/div>\t\t\t\t<\/div>\n\t\t\t\t<\/div>\n\t\t\t\t\t<\/div>\n\t\t<\/div>\n\t\t\t\t\t<\/div>\n\t\t<\/section>\n\t\t\t\t\t<\/div>\n\t\t<\/div>\n\t\t\t\t\t<\/div>\n\t\t<\/section>\n\t\t\t\t<\/div>","protected":false},"excerpt":{"rendered":"<p>Rendezv\u00e9ny fot\u00f3z\u00e1s \u00d6r\u00f6k\u00edtsd meg a legszebb pillanatokat rendezv\u00e9nyeden vagy versenyeden! Profi fot\u00f3saink seg\u00edts\u00e9g\u00e9vel garant\u00e1ltan leny\u0171g\u00f6z\u0151 k\u00e9peket k\u00e9sz\u00edt\u00fcnk, amelyeket \u00f6r\u00f6mmel oszthatsz meg bar\u00e1taiddal \u00e9s csal\u00e1doddal. B\u00edzd r\u00e1nk a fot\u00f3z\u00e1st! Esk\u00fcv\u0151 Csod\u00e1latos pillanatok v\u00e1rnak az esk\u00fcv\u0151d\u00f6n, amelyeket \u00f6r\u00f6kre meg szeretn\u00e9l \u0151rizni. B\u00edzd r\u00e1nk a fot\u00f3z\u00e1st, hogy minden egyes eml\u00e9k megmaradjon \u00f6r\u00f6kre! Tapasztalt esk\u00fcv\u0151i fot\u00f3saink seg\u00edts\u00e9g\u00e9vel garant\u00e1ltan mag\u00e1val &#8230; <a title=\"Our services\" class=\"read-more\" href=\"https:\/\/nagyonjofoto.hu\/en_gb\/szolgaltatasaink\/\" aria-label=\"Read more about Szolg\u00e1ltat\u00e1saink\">Read more<\/a><\/p>","protected":false},"author":3,"featured_media":0,"parent":0,"menu_order":0,"comment_status":"closed","ping_status":"closed","template":"elementor_header_footer","meta":{"footnotes":""},"class_list":["post-101","page","type-page","status-publish"],"_links":{"self":[{"href":"https:\/\/nagyonjofoto.hu\/en_gb\/wp-json\/wp\/v2\/pages\/101","targetHints":{"allow":["GET"]}}],"collection":[{"href":"https:\/\/nagyonjofoto.hu\/en_gb\/wp-json\/wp\/v2\/pages"}],"about":[{"href":"https:\/\/nagyonjofoto.hu\/en_gb\/wp-json\/wp\/v2\/types\/page"}],"author":[{"embeddable":true,"href":"https:\/\/nagyonjofoto.hu\/en_gb\/wp-json\/wp\/v2\/users\/3"}],"replies":[{"embeddable":true,"href":"https:\/\/nagyonjofoto.hu\/en_gb\/wp-json\/wp\/v2\/comments?post=101"}],"version-history":[{"count":5,"href":"https:\/\/nagyonjofoto.hu\/en_gb\/wp-json\/wp\/v2\/pages\/101\/revisions"}],"predecessor-version":[{"id":1819,"href":"https:\/\/nagyonjofoto.hu\/en_gb\/wp-json\/wp\/v2\/pages\/101\/revisions\/1819"}],"wp:attachment":[{"href":"https:\/\/nagyonjofoto.hu\/en_gb\/wp-json\/wp\/v2\/media?parent=101"}],"curies":[{"name":"wp","href":"https:\/\/api.w.org\/{rel}","templated":true}]}}