{"id":22,"date":"2022-10-15T20:20:36","date_gmt":"2022-10-15T20:20:36","guid":{"rendered":"http:\/\/service.nagyonjofoto.hu\/?page_id=22"},"modified":"2024-01-07T08:08:58","modified_gmt":"2024-01-07T08:08:58","slug":"kezdolap","status":"publish","type":"page","link":"https:\/\/nagyonjofoto.hu\/en_gb\/","title":{"rendered":"Home page"},"content":{"rendered":"\t\t<div data-elementor-type=\"wp-page\" data-elementor-id=\"22\" class=\"elementor elementor-22\" data-elementor-post-type=\"page\">\n\t\t\t\t\t\t<section class=\"elementor-section elementor-top-section elementor-element elementor-element-10fef93 elementor-section-full_width elementor-section-height-min-height elementor-section-stretched elementor-section-height-default elementor-section-items-middle\" data-id=\"10fef93\" data-element_type=\"section\" data-e-type=\"section\" data-settings=\"{&quot;stretch_section&quot;:&quot;section-stretched&quot;,&quot;background_background&quot;:&quot;slideshow&quot;,&quot;background_slideshow_gallery&quot;:[{&quot;id&quot;:25,&quot;url&quot;:&quot;https:\\\/\\\/nagyonjofoto.hu\\\/wp-content\\\/uploads\\\/2022\\\/10\\\/DSC_0105-2-scaled.jpg&quot;},{&quot;id&quot;:26,&quot;url&quot;:&quot;https:\\\/\\\/nagyonjofoto.hu\\\/wp-content\\\/uploads\\\/2022\\\/10\\\/DSC_3967-scaled-1.jpg&quot;},{&quot;id&quot;:27,&quot;url&quot;:&quot;https:\\\/\\\/nagyonjofoto.hu\\\/wp-content\\\/uploads\\\/2022\\\/10\\\/NJF_6289-Edit-scaled.jpg&quot;},{&quot;id&quot;:28,&quot;url&quot;:&quot;https:\\\/\\\/nagyonjofoto.hu\\\/wp-content\\\/uploads\\\/2022\\\/10\\\/SAN_3235-scaled.jpg&quot;}],&quot;background_slideshow_lazyload&quot;:&quot;yes&quot;,&quot;background_slideshow_ken_burns&quot;:&quot;yes&quot;,&quot;background_slideshow_loop&quot;:&quot;yes&quot;,&quot;background_slideshow_slide_duration&quot;:5000,&quot;background_slideshow_slide_transition&quot;:&quot;fade&quot;,&quot;background_slideshow_transition_duration&quot;:500,&quot;background_slideshow_ken_burns_zoom_direction&quot;:&quot;in&quot;}\">\n\t\t\t\t\t\t<div class=\"elementor-container elementor-column-gap-no\">\n\t\t\t\t\t<div class=\"elementor-column elementor-col-100 elementor-top-column elementor-element elementor-element-0d386b1\" data-id=\"0d386b1\" data-element_type=\"column\" data-e-type=\"column\">\n\t\t\t<div class=\"elementor-widget-wrap\">\n\t\t\t\t\t\t\t<\/div>\n\t\t<\/div>\n\t\t\t\t\t<\/div>\n\t\t<\/section>\n\t\t\t\t<section class=\"elementor-section elementor-top-section elementor-element elementor-element-5af10fd elementor-section-content-middle elementor-section-stretched elementor-section-boxed elementor-section-height-default elementor-section-height-default\" data-id=\"5af10fd\" data-element_type=\"section\" data-e-type=\"section\" data-settings=\"{&quot;stretch_section&quot;:&quot;section-stretched&quot;}\">\n\t\t\t\t\t\t<div class=\"elementor-container elementor-column-gap-no\">\n\t\t\t\t\t<div class=\"elementor-column elementor-col-100 elementor-top-column elementor-element elementor-element-6ebf449\" data-id=\"6ebf449\" data-element_type=\"column\" data-e-type=\"column\" data-settings=\"{&quot;background_background&quot;:&quot;classic&quot;}\">\n\t\t\t<div class=\"elementor-widget-wrap elementor-element-populated\">\n\t\t\t\t\t\t<div class=\"elementor-element elementor-element-c69dac8 elementor-widget elementor-widget-text-editor\" data-id=\"c69dac8\" data-element_type=\"widget\" data-e-type=\"widget\" data-widget_type=\"text-editor.default\">\n\t\t\t\t<div class=\"elementor-widget-container\">\n\t\t\t\t\t\t\t\t\t<h3><strong>Az id\u0151t nem lehet visszaford\u00edtani, de milyen j\u00f3 visszan\u00e9zni!<\/strong><\/h3>\t\t\t\t\t\t\t\t<\/div>\n\t\t\t\t<\/div>\n\t\t\t\t<div class=\"elementor-element elementor-element-213ea8c elementor-widget elementor-widget-text-editor\" data-id=\"213ea8c\" data-element_type=\"widget\" data-e-type=\"widget\" data-widget_type=\"text-editor.default\">\n\t\t\t\t<div class=\"elementor-widget-container\">\n\t\t\t\t\t\t\t\t\t<h3><strong>\u00d6r\u00f6k\u00edtse meg vel\u00fcnk amire eml\u00e9kezni szeretne!<\/strong><\/h3>\t\t\t\t\t\t\t\t<\/div>\n\t\t\t\t<\/div>\n\t\t\t\t\t<\/div>\n\t\t<\/div>\n\t\t\t\t\t<\/div>\n\t\t<\/section>\n\t\t\t\t<section class=\"elementor-section elementor-top-section elementor-element elementor-element-f10c669 elementor-section-boxed elementor-section-height-default elementor-section-height-default\" data-id=\"f10c669\" data-element_type=\"section\" data-e-type=\"section\">\n\t\t\t\t\t\t<div class=\"elementor-container elementor-column-gap-default\">\n\t\t\t\t\t<div class=\"elementor-column elementor-col-100 elementor-top-column elementor-element elementor-element-4f52355\" data-id=\"4f52355\" data-element_type=\"column\" data-e-type=\"column\" data-settings=\"{&quot;background_background&quot;:&quot;classic&quot;}\">\n\t\t\t<div class=\"elementor-widget-wrap elementor-element-populated\">\n\t\t\t\t\t\t<section class=\"elementor-section elementor-inner-section elementor-element elementor-element-9f8e2be elementor-section-content-middle elementor-section-boxed elementor-section-height-default elementor-section-height-default\" data-id=\"9f8e2be\" data-element_type=\"section\" data-e-type=\"section\">\n\t\t\t\t\t\t<div class=\"elementor-container elementor-column-gap-default\">\n\t\t\t\t\t<div class=\"elementor-column elementor-col-50 elementor-inner-column elementor-element elementor-element-84e21f9\" data-id=\"84e21f9\" data-element_type=\"column\" data-e-type=\"column\">\n\t\t\t<div class=\"elementor-widget-wrap elementor-element-populated\">\n\t\t\t\t\t\t<div class=\"elementor-element elementor-element-38f7166 elementor-position-left elementor-vertical-align-top elementor-widget elementor-widget-image-box\" data-id=\"38f7166\" data-element_type=\"widget\" data-e-type=\"widget\" data-widget_type=\"image-box.default\">\n\t\t\t\t<div class=\"elementor-widget-container\">\n\t\t\t\t\t<div class=\"elementor-image-box-wrapper\"><figure class=\"elementor-image-box-img\"><img fetchpriority=\"high\" decoding=\"async\" width=\"240\" height=\"240\" src=\"https:\/\/nagyonjofoto.hu\/wp-content\/uploads\/2022\/10\/iconmonstr-picture-18-240-color.png\" class=\"attachment-full size-full wp-image-37\" alt=\"\" srcset=\"https:\/\/nagyonjofoto.hu\/wp-content\/uploads\/2022\/10\/iconmonstr-picture-18-240-color.png 240w, https:\/\/nagyonjofoto.hu\/wp-content\/uploads\/2022\/10\/iconmonstr-picture-18-240-color-150x150.png 150w\" sizes=\"(max-width: 240px) 100vw, 240px\" \/><\/figure><div class=\"elementor-image-box-content\"><h5 class=\"elementor-image-box-title\">CSAL\u00c1DI ESEM\u00c9NYEK<\/h5><p class=\"elementor-image-box-description\">Esk\u00fcv\u0151k, v\u00e1l\u00e1sok, keresztel\u0151k, sz\u00fclet\u00e9snapok.<\/p><\/div><\/div>\t\t\t\t<\/div>\n\t\t\t\t<\/div>\n\t\t\t\t\t<\/div>\n\t\t<\/div>\n\t\t\t\t<div class=\"elementor-column elementor-col-50 elementor-inner-column elementor-element elementor-element-ce78c1f\" data-id=\"ce78c1f\" data-element_type=\"column\" data-e-type=\"column\">\n\t\t\t<div class=\"elementor-widget-wrap elementor-element-populated\">\n\t\t\t\t\t\t<div class=\"elementor-element elementor-element-996f421 elementor-position-left elementor-vertical-align-top elementor-widget elementor-widget-image-box\" data-id=\"996f421\" data-element_type=\"widget\" data-e-type=\"widget\" data-widget_type=\"image-box.default\">\n\t\t\t\t<div class=\"elementor-widget-container\">\n\t\t\t\t\t<div class=\"elementor-image-box-wrapper\"><figure class=\"elementor-image-box-img\"><img fetchpriority=\"high\" decoding=\"async\" width=\"240\" height=\"240\" src=\"https:\/\/nagyonjofoto.hu\/wp-content\/uploads\/2022\/10\/iconmonstr-picture-18-240-color.png\" class=\"attachment-full size-full wp-image-37\" alt=\"\" srcset=\"https:\/\/nagyonjofoto.hu\/wp-content\/uploads\/2022\/10\/iconmonstr-picture-18-240-color.png 240w, https:\/\/nagyonjofoto.hu\/wp-content\/uploads\/2022\/10\/iconmonstr-picture-18-240-color-150x150.png 150w\" sizes=\"(max-width: 240px) 100vw, 240px\" \/><\/figure><div class=\"elementor-image-box-content\"><h5 class=\"elementor-image-box-title\">RENDEZV\u00c9NY FOT\u00d3Z\u00c1S<\/h5><p class=\"elementor-image-box-description\">Ritmikus gimnasztika, versenyt\u00e1nc, show t\u00e1nc, n\u00e9pt\u00e1nc, akrobatikus t\u00e1ncok, hast\u00e1nc, fogathajt\u00f3, d\u00edjugrat\u00f3, szabadid\u0151s lovas versenyek.\n<\/p><\/div><\/div>\t\t\t\t<\/div>\n\t\t\t\t<\/div>\n\t\t\t\t\t<\/div>\n\t\t<\/div>\n\t\t\t\t\t<\/div>\n\t\t<\/section>\n\t\t\t\t<section class=\"elementor-section elementor-inner-section elementor-element elementor-element-751f644 elementor-section-boxed elementor-section-height-default elementor-section-height-default\" data-id=\"751f644\" data-element_type=\"section\" data-e-type=\"section\">\n\t\t\t\t\t\t<div class=\"elementor-container elementor-column-gap-default\">\n\t\t\t\t\t<div class=\"elementor-column elementor-col-50 elementor-inner-column elementor-element elementor-element-7b2575a\" data-id=\"7b2575a\" data-element_type=\"column\" data-e-type=\"column\">\n\t\t\t<div class=\"elementor-widget-wrap elementor-element-populated\">\n\t\t\t\t\t\t<div class=\"elementor-element elementor-element-6aa50a0 elementor-position-left elementor-vertical-align-top elementor-widget elementor-widget-image-box\" data-id=\"6aa50a0\" data-element_type=\"widget\" data-e-type=\"widget\" data-widget_type=\"image-box.default\">\n\t\t\t\t<div class=\"elementor-widget-container\">\n\t\t\t\t\t<div class=\"elementor-image-box-wrapper\"><figure class=\"elementor-image-box-img\"><img fetchpriority=\"high\" decoding=\"async\" width=\"240\" height=\"240\" src=\"https:\/\/nagyonjofoto.hu\/wp-content\/uploads\/2022\/10\/iconmonstr-picture-18-240-color.png\" class=\"attachment-full size-full wp-image-37\" alt=\"\" srcset=\"https:\/\/nagyonjofoto.hu\/wp-content\/uploads\/2022\/10\/iconmonstr-picture-18-240-color.png 240w, https:\/\/nagyonjofoto.hu\/wp-content\/uploads\/2022\/10\/iconmonstr-picture-18-240-color-150x150.png 150w\" sizes=\"(max-width: 240px) 100vw, 240px\" \/><\/figure><div class=\"elementor-image-box-content\"><h5 class=\"elementor-image-box-title\">FILMK\u00c9SZ\u00cdT\u00c9S<\/h5><p class=\"elementor-image-box-description\">Rendezv\u00e9nyek, sport esem\u00e9nyek filmez\u00e9se, \u00e9l\u0151 k\u00f6zvet\u00edt\u00e9s lebonyol\u00edt\u00e1sa.<\/p><\/div><\/div>\t\t\t\t<\/div>\n\t\t\t\t<\/div>\n\t\t\t\t\t<\/div>\n\t\t<\/div>\n\t\t\t\t<div class=\"elementor-column elementor-col-50 elementor-inner-column elementor-element elementor-element-b12510a\" data-id=\"b12510a\" data-element_type=\"column\" data-e-type=\"column\">\n\t\t\t<div class=\"elementor-widget-wrap elementor-element-populated\">\n\t\t\t\t\t\t<div class=\"elementor-element elementor-element-994d79b elementor-position-left elementor-vertical-align-top elementor-widget elementor-widget-image-box\" data-id=\"994d79b\" data-element_type=\"widget\" data-e-type=\"widget\" data-widget_type=\"image-box.default\">\n\t\t\t\t<div class=\"elementor-widget-container\">\n\t\t\t\t\t<div class=\"elementor-image-box-wrapper\"><figure class=\"elementor-image-box-img\"><img fetchpriority=\"high\" decoding=\"async\" width=\"240\" height=\"240\" src=\"https:\/\/nagyonjofoto.hu\/wp-content\/uploads\/2022\/10\/iconmonstr-picture-18-240-color.png\" class=\"attachment-full size-full wp-image-37\" alt=\"\" srcset=\"https:\/\/nagyonjofoto.hu\/wp-content\/uploads\/2022\/10\/iconmonstr-picture-18-240-color.png 240w, https:\/\/nagyonjofoto.hu\/wp-content\/uploads\/2022\/10\/iconmonstr-picture-18-240-color-150x150.png 150w\" sizes=\"(max-width: 240px) 100vw, 240px\" \/><\/figure><div class=\"elementor-image-box-content\"><h5 class=\"elementor-image-box-title\">EGY\u00c9B RENDEZV\u00c9NYEK<\/h5><p class=\"elementor-image-box-description\">B\u00e1lok, vad\u00e1sz esem\u00e9nyek, v\u00e1ros \u00e9s falunapok, f\u0151z\u0151 versenyek, c\u00e9ges rendezv\u00e9nyek, iskola \u00e9s \u00f3vodai fot\u00f3z\u00e1sok.<\/p><\/div><\/div>\t\t\t\t<\/div>\n\t\t\t\t<\/div>\n\t\t\t\t\t<\/div>\n\t\t<\/div>\n\t\t\t\t\t<\/div>\n\t\t<\/section>\n\t\t\t\t\t<\/div>\n\t\t<\/div>\n\t\t\t\t\t<\/div>\n\t\t<\/section>\n\t\t\t\t<section class=\"elementor-section elementor-top-section elementor-element elementor-element-8aafb42 elementor-section-boxed elementor-section-height-default elementor-section-height-default\" data-id=\"8aafb42\" data-element_type=\"section\" data-e-type=\"section\">\n\t\t\t\t\t\t<div class=\"elementor-container elementor-column-gap-default\">\n\t\t\t\t\t<div class=\"elementor-column elementor-col-100 elementor-top-column elementor-element elementor-element-e86bbda\" data-id=\"e86bbda\" data-element_type=\"column\" data-e-type=\"column\">\n\t\t\t<div class=\"elementor-widget-wrap elementor-element-populated\">\n\t\t\t\t\t\t<div class=\"elementor-element elementor-element-9e99d87 elementor-widget elementor-widget-spacer\" data-id=\"9e99d87\" data-element_type=\"widget\" data-e-type=\"widget\" data-widget_type=\"spacer.default\">\n\t\t\t\t<div class=\"elementor-widget-container\">\n\t\t\t\t\t\t\t<div class=\"elementor-spacer\">\n\t\t\t<div class=\"elementor-spacer-inner\"><\/div>\n\t\t<\/div>\n\t\t\t\t\t\t<\/div>\n\t\t\t\t<\/div>\n\t\t\t\t\t<\/div>\n\t\t<\/div>\n\t\t\t\t\t<\/div>\n\t\t<\/section>\n\t\t\t\t<section class=\"elementor-section elementor-top-section elementor-element elementor-element-088108e elementor-section-boxed elementor-section-height-default elementor-section-height-default\" data-id=\"088108e\" data-element_type=\"section\" data-e-type=\"section\">\n\t\t\t\t\t\t<div class=\"elementor-container elementor-column-gap-default\">\n\t\t\t\t\t<div class=\"elementor-column elementor-col-50 elementor-top-column elementor-element elementor-element-e8fdaaf\" data-id=\"e8fdaaf\" data-element_type=\"column\" data-e-type=\"column\">\n\t\t\t<div class=\"elementor-widget-wrap elementor-element-populated\">\n\t\t\t\t\t\t<div class=\"elementor-element elementor-element-86cac6c elementor--h-position-center elementor--v-position-middle elementor-widget elementor-widget-slides\" data-id=\"86cac6c\" data-element_type=\"widget\" data-e-type=\"widget\" data-settings=\"{&quot;navigation&quot;:&quot;none&quot;,&quot;transition&quot;:&quot;fade&quot;,&quot;autoplay&quot;:&quot;yes&quot;,&quot;pause_on_hover&quot;:&quot;yes&quot;,&quot;pause_on_interaction&quot;:&quot;yes&quot;,&quot;autoplay_speed&quot;:5000,&quot;infinite&quot;:&quot;yes&quot;,&quot;transition_speed&quot;:500}\" data-widget_type=\"slides.default\">\n\t\t\t\t<div class=\"elementor-widget-container\">\n\t\t\t\t\t\t\t\t\t<div class=\"elementor-swiper\">\n\t\t\t\t\t<div class=\"elementor-slides-wrapper elementor-main-swiper swiper\" role=\"region\" aria-roledescription=\"carousel\" aria-label=\"Di\u00e1k\" dir=\"ltr\" data-animation=\"fadeInUp\">\n\t\t\t\t<div class=\"swiper-wrapper elementor-slides\">\n\t\t\t\t\t\t\t\t\t\t<div class=\"elementor-repeater-item-8448ebc swiper-slide\" role=\"group\" aria-roledescription=\"slide\"><div class=\"swiper-slide-bg\" role=\"img\" aria-label=\"DSC_0105-2\"><\/div><div class=\"swiper-slide-inner\" ><div class=\"swiper-slide-contents\"><\/div><\/div><\/div><div class=\"elementor-repeater-item-9f78af8 swiper-slide\" role=\"group\" aria-roledescription=\"slide\"><div class=\"swiper-slide-bg\" role=\"img\" aria-label=\"DSC_3967-scaled\"><\/div><div class=\"swiper-slide-inner\" ><div class=\"swiper-slide-contents\"><\/div><\/div><\/div><div class=\"elementor-repeater-item-f8f3942 swiper-slide\" role=\"group\" aria-roledescription=\"slide\"><div class=\"swiper-slide-bg\" role=\"img\" aria-label=\"SAN_3235\"><\/div><div class=\"swiper-slide-inner\" ><div class=\"swiper-slide-contents\"><\/div><\/div><\/div>\t\t\t\t<\/div>\n\t\t\t\t\t\t\t\t\t\t\t\t\t\t\t\t\t\t\t\t\t<\/div>\n\t\t\t\t<\/div>\n\t\t\t\t\t\t\t\t<\/div>\n\t\t\t\t<\/div>\n\t\t\t\t\t<\/div>\n\t\t<\/div>\n\t\t\t\t<div class=\"elementor-column elementor-col-50 elementor-top-column elementor-element elementor-element-80b2898\" data-id=\"80b2898\" data-element_type=\"column\" data-e-type=\"column\">\n\t\t\t<div class=\"elementor-widget-wrap elementor-element-populated\">\n\t\t\t\t\t\t<div class=\"elementor-element elementor-element-d7a0d8f elementor-widget elementor-widget-heading\" data-id=\"d7a0d8f\" data-element_type=\"widget\" data-e-type=\"widget\" data-widget_type=\"heading.default\">\n\t\t\t\t<div class=\"elementor-widget-container\">\n\t\t\t\t\t<h3 class=\"elementor-heading-title elementor-size-default\">SZOLG\u00c1LTAT\u00c1SAINK<\/h3>\t\t\t\t<\/div>\n\t\t\t\t<\/div>\n\t\t\t\t<div class=\"elementor-element elementor-element-6f4d9f2 elementor-widget-divider--view-line elementor-widget elementor-widget-divider\" data-id=\"6f4d9f2\" data-element_type=\"widget\" data-e-type=\"widget\" data-widget_type=\"divider.default\">\n\t\t\t\t<div class=\"elementor-widget-container\">\n\t\t\t\t\t\t\t<div class=\"elementor-divider\">\n\t\t\t<span class=\"elementor-divider-separator\">\n\t\t\t\t\t\t<\/span>\n\t\t<\/div>\n\t\t\t\t\t\t<\/div>\n\t\t\t\t<\/div>\n\t\t\t\t<div class=\"elementor-element elementor-element-2747ee4 elementor-widget elementor-widget-text-editor\" data-id=\"2747ee4\" data-element_type=\"widget\" data-e-type=\"widget\" data-widget_type=\"text-editor.default\">\n\t\t\t\t<div class=\"elementor-widget-container\">\n\t\t\t\t\t\t\t\t\t<p>Rendezv\u00e9nyeken fot\u00f3zunk, vide\u00f3zunk \u00e9s sz\u00fcks\u00e9g eset\u00e9n \u00e9l\u0151 k\u00f6zvet\u00edt\u00e9st is adunk.<br \/>A rendezv\u00e9nyen k\u00e9sz\u00edtett f\u00e9nyk\u00e9peket m\u00e1r helysz\u00ednen azonnal ki tudjuk nyomtatni.<br \/>Sportesem\u00e9nyek &#8211; Ritmikus gimnasztika, versenyt\u00e1nc, show t\u00e1nc, n\u00e9pt\u00e1nc, akrobatikus t\u00e1ncok, hast\u00e1nc, fogathajt\u00f3, d\u00edjugrat\u00f3, szabadid\u0151s lovas versenyek.<br \/>Egy\u00e9b rendezv\u00e9nyek &#8211; B\u00e1lok, vad\u00e1sz esem\u00e9nyek, v\u00e1ros \u00e9s falunapok, f\u0151z\u0151 versenyek, c\u00e9ges rendezv\u00e9nyek, iskola \u00e9s \u00f3vodai fot\u00f3z\u00e1sok.<br \/>Csal\u00e1di esem\u00e9nyek &#8211; Esk\u00fcv\u0151k, v\u00e1l\u00e1sok, keresztel\u0151k, sz\u00fclet\u00e9snapok.<br \/>Grafikai munk\u00e1k &#8211; Plak\u00e1tok, oklevelek, rollup-ok, molin\u00f3k \u00e9s weboldalak grafikai munk\u00e1it v\u00e1llaljuk.<\/p>\t\t\t\t\t\t\t\t<\/div>\n\t\t\t\t<\/div>\n\t\t\t\t\t<\/div>\n\t\t<\/div>\n\t\t\t\t\t<\/div>\n\t\t<\/section>\n\t\t\t\t<section class=\"elementor-section elementor-top-section elementor-element elementor-element-0309c36 elementor-section-boxed elementor-section-height-default elementor-section-height-default\" data-id=\"0309c36\" data-element_type=\"section\" data-e-type=\"section\">\n\t\t\t\t\t\t<div class=\"elementor-container elementor-column-gap-default\">\n\t\t\t\t\t<div class=\"elementor-column elementor-col-50 elementor-top-column elementor-element elementor-element-0a3e69c\" data-id=\"0a3e69c\" data-element_type=\"column\" data-e-type=\"column\">\n\t\t\t<div class=\"elementor-widget-wrap elementor-element-populated\">\n\t\t\t\t\t\t<div class=\"elementor-element elementor-element-642b443 elementor-widget elementor-widget-heading\" data-id=\"642b443\" data-element_type=\"widget\" data-e-type=\"widget\" data-widget_type=\"heading.default\">\n\t\t\t\t<div class=\"elementor-widget-container\">\n\t\t\t\t\t<h2 class=\"elementor-heading-title elementor-size-default\">FILMK\u00c9SZ\u00cdT\u00c9S, \u00c9L\u0150 K\u00d6ZVET\u00cdT\u00c9S<\/h2>\t\t\t\t<\/div>\n\t\t\t\t<\/div>\n\t\t\t\t<div class=\"elementor-element elementor-element-3c0eabc elementor-widget-divider--view-line elementor-widget elementor-widget-divider\" data-id=\"3c0eabc\" data-element_type=\"widget\" data-e-type=\"widget\" data-widget_type=\"divider.default\">\n\t\t\t\t<div class=\"elementor-widget-container\">\n\t\t\t\t\t\t\t<div class=\"elementor-divider\">\n\t\t\t<span class=\"elementor-divider-separator\">\n\t\t\t\t\t\t<\/span>\n\t\t<\/div>\n\t\t\t\t\t\t<\/div>\n\t\t\t\t<\/div>\n\t\t\t\t<div class=\"elementor-element elementor-element-2d52dcf elementor-widget elementor-widget-text-editor\" data-id=\"2d52dcf\" data-element_type=\"widget\" data-e-type=\"widget\" data-widget_type=\"text-editor.default\">\n\t\t\t\t<div class=\"elementor-widget-container\">\n\t\t\t\t\t\t\t\t\t<p>C\u00e9g\u00fcnk nem csak f\u00e9nyk\u00e9pez\u00e9st, hanem vide\u00f3felv\u00e9tel k\u00e9sz\u00edt\u00e9st \u00e9s \u00e9l\u0151 k\u00f6zvet\u00edt\u00e9st is v\u00e1llal.\u00a0<\/p>\t\t\t\t\t\t\t\t<\/div>\n\t\t\t\t<\/div>\n\t\t\t\t\t<\/div>\n\t\t<\/div>\n\t\t\t\t<div class=\"elementor-column elementor-col-50 elementor-top-column elementor-element elementor-element-00dc3ec\" data-id=\"00dc3ec\" data-element_type=\"column\" data-e-type=\"column\">\n\t\t\t<div class=\"elementor-widget-wrap elementor-element-populated\">\n\t\t\t\t\t\t<div class=\"elementor-element elementor-element-df45a14 elementor-widget elementor-widget-video\" data-id=\"df45a14\" data-element_type=\"widget\" data-e-type=\"widget\" data-settings=\"{&quot;youtube_url&quot;:&quot;https:\\\/\\\/www.youtube.com\\\/watch?v=x1Bd8lo_drI&quot;,&quot;lazy_load&quot;:&quot;yes&quot;,&quot;video_type&quot;:&quot;youtube&quot;,&quot;controls&quot;:&quot;yes&quot;}\" data-widget_type=\"video.default\">\n\t\t\t\t<div class=\"elementor-widget-container\">\n\t\t\t\t\t\t\t<div class=\"elementor-wrapper elementor-open-inline\">\n\t\t\t<div class=\"elementor-video\"><\/div>\t\t<\/div>\n\t\t\t\t\t\t<\/div>\n\t\t\t\t<\/div>\n\t\t\t\t\t<\/div>\n\t\t<\/div>\n\t\t\t\t\t<\/div>\n\t\t<\/section>\n\t\t\t\t<\/div>\n\t\t","protected":false},"excerpt":{"rendered":"<p>Az id\u0151t nem lehet visszaford\u00edtani, de milyen j\u00f3 visszan\u00e9zni! \u00d6r\u00f6k\u00edtse meg vel\u00fcnk amire eml\u00e9kezni szeretne! CSAL\u00c1DI ESEM\u00c9NYEK Esk\u00fcv\u0151k, v\u00e1l\u00e1sok, keresztel\u0151k, sz\u00fclet\u00e9snapok. RENDEZV\u00c9NY FOT\u00d3Z\u00c1S Ritmikus gimnasztika, versenyt\u00e1nc, show t\u00e1nc, n\u00e9pt\u00e1nc, akrobatikus t\u00e1ncok, hast\u00e1nc, fogathajt\u00f3, d\u00edjugrat\u00f3, szabadid\u0151s lovas versenyek. FILMK\u00c9SZ\u00cdT\u00c9S Rendezv\u00e9nyek, sport esem\u00e9nyek filmez\u00e9se, \u00e9l\u0151 k\u00f6zvet\u00edt\u00e9s lebonyol\u00edt\u00e1sa. EGY\u00c9B RENDEZV\u00c9NYEK B\u00e1lok, vad\u00e1sz esem\u00e9nyek, v\u00e1ros \u00e9s falunapok, f\u0151z\u0151 versenyek, &#8230; <a title=\"Home page\" class=\"read-more\" href=\"https:\/\/nagyonjofoto.hu\/en_gb\/\" aria-label=\"Read more about Kezd\u0151lap\">Read more<\/a><\/p>","protected":false},"author":3,"featured_media":0,"parent":0,"menu_order":0,"comment_status":"closed","ping_status":"closed","template":"elementor_header_footer","meta":{"footnotes":""},"class_list":["post-22","page","type-page","status-publish"],"_links":{"self":[{"href":"https:\/\/nagyonjofoto.hu\/en_gb\/wp-json\/wp\/v2\/pages\/22","targetHints":{"allow":["GET"]}}],"collection":[{"href":"https:\/\/nagyonjofoto.hu\/en_gb\/wp-json\/wp\/v2\/pages"}],"about":[{"href":"https:\/\/nagyonjofoto.hu\/en_gb\/wp-json\/wp\/v2\/types\/page"}],"author":[{"embeddable":true,"href":"https:\/\/nagyonjofoto.hu\/en_gb\/wp-json\/wp\/v2\/users\/3"}],"replies":[{"embeddable":true,"href":"https:\/\/nagyonjofoto.hu\/en_gb\/wp-json\/wp\/v2\/comments?post=22"}],"version-history":[{"count":5,"href":"https:\/\/nagyonjofoto.hu\/en_gb\/wp-json\/wp\/v2\/pages\/22\/revisions"}],"predecessor-version":[{"id":1945,"href":"https:\/\/nagyonjofoto.hu\/en_gb\/wp-json\/wp\/v2\/pages\/22\/revisions\/1945"}],"wp:attachment":[{"href":"https:\/\/nagyonjofoto.hu\/en_gb\/wp-json\/wp\/v2\/media?parent=22"}],"curies":[{"name":"wp","href":"https:\/\/api.w.org\/{rel}","templated":true}]}}